{"id":41,"date":"2023-10-10T13:50:10","date_gmt":"2023-10-10T13:50:10","guid":{"rendered":"https:\/\/www.tvuai.com.br\/pousoalegre2\/contact\/"},"modified":"2023-10-18T13:23:01","modified_gmt":"2023-10-18T13:23:01","slug":"musica","status":"publish","type":"page","link":"https:\/\/www.tvuai.com.br\/pousoalegre\/musica\/","title":{"rendered":"M\u00fasica"},"content":{"rendered":"\n\n\n<h2>M\u00fasica<\/h2>\n\n\n<p><span style=\"font-weight: bolder; font-family: Verdana; font-size: small; text-align: justify; background-color: rgb(255, 255, 255);\">M\u00fasica: Grupo Imbuia<br><\/span><br style=\"font-family: Verdana; font-size: small; text-align: justify; background-color: rgb(255, 255, 255);\"><span style=\"font-family: Verdana; font-size: small; text-align: justify; background-color: rgb(255, 255, 255);\">Raimundo Andrade &#8211; Voz<br>Marcos Mesquita &#8211; Viol\u00e3o e Voz<br>Mauricio Brand\u00e3o &#8211; Viol\u00e3o e Voz<br><br><\/span><\/p>\n<p style=\"text-align: justify; \"><font face=\"Verdana\" size=\"2\">Grupo Imbuia inaugurou a primeira transmiss\u00e3o de v\u00eddeo pela internet em Minas Gerais, atrav\u00e9s da TV UAI, com esse fundo musical \u00e0s imagens ao vivo da Av. Dr. Lisboa em Pouso Alegre. O v\u00eddeo alcan\u00e7ou a marca hist\u00f3rica no Brasil, em 2000, de mais de cem mil views em uma hora, numa \u00e9poca em que a internet ainda era prec\u00e1ria, n\u00e3o tinha YouTube no Brasil e poucas pessoas tinham computador que suportasse v\u00eddeos. A TV UAI recebeu o pr\u00eamio Melhores do Mundo pela transmiss\u00e3o ao vivo via internet.<\/font><br><\/p>\n\n\n\n\n\n\n\n\n\n\n<h2><br><\/h2>\n\n\n<p><span style=\"font-weight: bolder; font-family: Verdana; font-size: small; text-align: justify; background-color: rgb(255, 255, 255);\">M\u00fasica: Trem de Pouso<br><\/span><br style=\"font-family: Verdana; font-size: small; text-align: justify; background-color: rgb(255, 255, 255);\"><span style=\"font-family: Verdana; font-size: small; text-align: justify; background-color: rgb(255, 255, 255);\">3\u00ba lugar no Festival da Can\u00e7\u00e3o de Pouso Alegre<\/span><br style=\"font-family: Verdana; font-size: small; text-align: justify; background-color: rgb(255, 255, 255);\"><span style=\"font-family: Verdana; font-size: small; text-align: justify; background-color: rgb(255, 255, 255);\">Autor: Wolf Borges<\/span><br style=\"font-family: Verdana; font-size: small; text-align: justify; background-color: rgb(255, 255, 255);\"><span style=\"font-family: Verdana; font-size: small; text-align: justify; background-color: rgb(255, 255, 255);\">Int\u00e9rprete: Wolf Borges<\/span><br style=\"font-family: Verdana; font-size: small; text-align: justify; background-color: rgb(255, 255, 255);\"><span style=\"font-family: Verdana; font-size: small; text-align: justify; background-color: rgb(255, 255, 255);\">Viol\u00e3o: Rafael Toledo<\/span><br style=\"font-family: Verdana; font-size: small; text-align: justify; background-color: rgb(255, 255, 255);\"><span style=\"font-family: Verdana; font-size: small; text-align: justify; background-color: rgb(255, 255, 255);\">Percuss\u00e3o: Z\u00e9 Eduardo Naz\u00e1rio<\/span><br style=\"font-family: Verdana; font-size: small; text-align: justify; background-color: rgb(255, 255, 255);\"><span style=\"font-family: Verdana; font-size: small; text-align: justify; background-color: rgb(255, 255, 255);\">Clarinete: Roardo<\/span><\/p>\n<p><span\u00a0style=\"font-family: verdana;=\"\" font-size:=\"\" small;=\"\" text-align:=\"\" justify;=\"\" background-color:=\"\" rgb(255,=\"\" 255,=\"\" 255);\"=\"\">A m\u00fasica acompanha o site que conta a hist\u00f3ria de Pouso Alegre desde o In\u00edcio.<br><\/span\u00a0style=\"font-family:><\/p>\n\n\n\n\n\n\n\n\n\n\n<h2>letra de wolf borges<\/h2>\n<p>Pouso Alegre pode ser resumida na letra de Wolf Borges<\/p>\nPouso<br>\n    pousada, repouso merecido ap\u00f3s o<br>\n    \u00e1rduo trabalho e talvez por isso mesmo;<br>\n    Alegre,<br>\n    espont\u00e2neo, singelo como os<br>\n    valores e os costumes do interior.<br>\n    Assim se nomeia uma cidade que <br>\n    mistura tradi\u00e7\u00e3o e transi\u00e7\u00e3o,<br>\n    conservadorismo e oportunidade.<br>\n    Uma voca\u00e7\u00e3o de desenvolvimento, com<br>\n    sede de agregar e incorporar cada vez mais,<br>\n    quase sempre preservando a cortesia,&nbsp;a<br>\n    docilidade e a hospitalidade mineira.<br>\n    Ora esquecendo, desvalorizando e at\u00e9<br>\n    mesmo destruindo sua hist\u00f3ria e seus<br>\n    cen\u00e1rios, ora incorporando o novo<br>\n    com o olhar voltado ao progresso.<br>\n    Assim vai crescendo a cidade como uma<br>\n    casa de espelhos onde seu verdadeiro<br>\n    rosto ainda \u00e9 desconhecido, misturando<br>\n    um pouco do universo das pessoas que<br>\n    aqui a escolhem, como morada.<br>\n    Resta ent\u00e3o, depois de celebrar o esfor\u00e7o<br>\n    e a dedica\u00e7\u00e3o ao trabalho de cada dia,<br>\n    procurar neste abrigo, recarregar a<br>\n    esperan\u00e7a e a determina\u00e7\u00e3o,&nbsp;tal quando<br>\n    se inicia um novo dia depois<br>\n    de um bom descanso.<br>\n    Um verdadeiro &#8211; Pouso Alegre\n\n\n<p>Lorem Ipsum has been the industry&#8217;s standard dummy text ever since the 1500s.<\/p>\n\n\n","protected":false},"excerpt":{"rendered":"","protected":false},"author":0,"featured_media":0,"parent":0,"menu_order":0,"comment_status":"closed","ping_status":"closed","template":"","meta":{"footnotes":""},"class_list":["post-41","page","type-page","status-publish","hentry"],"_links":{"self":[{"href":"https:\/\/www.tvuai.com.br\/pousoalegre\/wp-json\/wp\/v2\/pages\/41","targetHints":{"allow":["GET"]}}],"collection":[{"href":"https:\/\/www.tvuai.com.br\/pousoalegre\/wp-json\/wp\/v2\/pages"}],"about":[{"href":"https:\/\/www.tvuai.com.br\/pousoalegre\/wp-json\/wp\/v2\/types\/page"}],"replies":[{"embeddable":true,"href":"https:\/\/www.tvuai.com.br\/pousoalegre\/wp-json\/wp\/v2\/comments?post=41"}],"version-history":[{"count":8,"href":"https:\/\/www.tvuai.com.br\/pousoalegre\/wp-json\/wp\/v2\/pages\/41\/revisions"}],"predecessor-version":[{"id":405,"href":"https:\/\/www.tvuai.com.br\/pousoalegre\/wp-json\/wp\/v2\/pages\/41\/revisions\/405"}],"wp:attachment":[{"href":"https:\/\/www.tvuai.com.br\/pousoalegre\/wp-json\/wp\/v2\/media?parent=41"}],"curies":[{"name":"wp","href":"https:\/\/api.w.org\/{rel}","templated":true}]}}